{"id":3170,"date":"2025-02-17T23:13:44","date_gmt":"2025-02-17T23:13:44","guid":{"rendered":"https:\/\/fitzenforlife.com\/?page_id=3170"},"modified":"2025-02-18T17:18:08","modified_gmt":"2025-02-18T17:18:08","slug":"well-being-advices","status":"publish","type":"page","link":"https:\/\/fitzenforlife.com\/fr\/well-being-advices\/","title":{"rendered":"Conseils de Bien-\u00catre"},"content":{"rendered":"<div data-elementor-type=\"wp-page\" data-elementor-id=\"3170\" class=\"elementor elementor-3170\" data-elementor-post-type=\"page\">\n\t\t\t\t<div class=\"elementor-element elementor-element-21a6c654 e-flex e-con-boxed e-con e-parent\" data-id=\"21a6c654\" data-element_type=\"container\" data-e-type=\"container\">\n\t\t\t\t\t<div class=\"e-con-inner\">\n\t\t\t\t<div class=\"elementor-element elementor-element-5674c244 elementor-widget elementor-widget-heading\" data-id=\"5674c244\" data-element_type=\"widget\" data-e-type=\"widget\" data-widget_type=\"heading.default\">\n\t\t\t\t<div class=\"elementor-widget-container\">\n\t\t\t\t\t<h2 class=\"elementor-heading-title elementor-size-default\">Conseils de Bien-\u00eatre : Cultiver une Soi plus Saine et plus Heureuse avec FitZenforLife<\/h2>\t\t\t\t<\/div>\n\t\t\t\t<\/div>\n\t\t\t\t\t<\/div>\n\t\t\t\t<\/div>\n\t\t<div class=\"elementor-element elementor-element-3483d95d e-flex e-con-boxed e-con e-parent\" data-id=\"3483d95d\" data-element_type=\"container\" data-e-type=\"container\">\n\t\t\t\t\t<div class=\"e-con-inner\">\n\t\t<div class=\"elementor-element elementor-element-156d799d e-con-full e-flex e-con e-child\" data-id=\"156d799d\" data-element_type=\"container\" data-e-type=\"container\">\n\t\t\t\t<\/div>\n\t\t<div class=\"elementor-element elementor-element-541283eb e-con-full e-flex e-con e-child\" data-id=\"541283eb\" data-element_type=\"container\" data-e-type=\"container\">\n\t\t\t\t<\/div>\n\t\t<div class=\"elementor-element elementor-element-618aac23 e-con-full e-flex e-con e-child\" data-id=\"618aac23\" data-element_type=\"container\" data-e-type=\"container\">\n\t\t\t\t<div class=\"elementor-element elementor-element-78a8cdbb elementor-widget elementor-widget-image\" data-id=\"78a8cdbb\" data-element_type=\"widget\" data-e-type=\"widget\" data-widget_type=\"image.default\">\n\t\t\t\t<div class=\"elementor-widget-container\">\n\t\t\t\t\t\t\t\t\t\t\t\t\t\t\t<img fetchpriority=\"high\" decoding=\"async\" width=\"683\" height=\"1024\" src=\"https:\/\/fitzenforlife.com\/wp-content\/uploads\/2025\/02\/top-view-online-psychologist-concept-683x1024.jpg\" class=\"attachment-large size-large wp-image-3185\" alt=\"\" srcset=\"https:\/\/fitzenforlife.com\/wp-content\/uploads\/2025\/02\/top-view-online-psychologist-concept-683x1024.jpg 683w, https:\/\/fitzenforlife.com\/wp-content\/uploads\/2025\/02\/top-view-online-psychologist-concept-200x300.jpg 200w, https:\/\/fitzenforlife.com\/wp-content\/uploads\/2025\/02\/top-view-online-psychologist-concept-768x1152.jpg 768w, https:\/\/fitzenforlife.com\/wp-content\/uploads\/2025\/02\/top-view-online-psychologist-concept-1024x1536.jpg 1024w, https:\/\/fitzenforlife.com\/wp-content\/uploads\/2025\/02\/top-view-online-psychologist-concept-1365x2048.jpg 1365w, https:\/\/fitzenforlife.com\/wp-content\/uploads\/2025\/02\/top-view-online-psychologist-concept-scaled.jpg 1707w\" sizes=\"(max-width: 683px) 100vw, 683px\" \/>\t\t\t\t\t\t\t\t\t\t\t\t\t\t\t<\/div>\n\t\t\t\t<\/div>\n\t\t\t\t<\/div>\n\t\t<div class=\"elementor-element elementor-element-1544dab5 e-con-full e-flex e-con e-child\" data-id=\"1544dab5\" data-element_type=\"container\" data-e-type=\"container\">\n\t\t\t\t<div class=\"elementor-element elementor-element-736b3188 elementor-widget elementor-widget-text-editor\" data-id=\"736b3188\" data-element_type=\"widget\" data-e-type=\"widget\" data-widget_type=\"text-editor.default\">\n\t\t\t\t<div class=\"elementor-widget-container\">\n\t\t\t\t\t\t\t\t\t<p data-sourcepos=\"3:1-3:481\">Dans le monde rapide d'aujourd'hui, il est facile de se laisser prendre dans la routine quotidienne et de n\u00e9gliger notre propre bien-\u00eatre. Nous donnons souvent la priorit\u00e9 au travail, \u00e0 la famille et \u00e0 d'autres engagements, laissant peu de temps pour les soins personnels et la croissance personnelle. Mais le v\u00e9ritable succ\u00e8s et l'\u00e9panouissement proviennent d'une approche \u00e9quilibr\u00e9e de la vie, o\u00f9 nous nourrissons notre bien-\u00eatre physique, mental et \u00e9motionnel. Les services de conseil en mati\u00e8re de bien-\u00eatre de FitZenforLife sont con\u00e7us pour vous aider \u00e0 vous cultiver en meilleure sant\u00e9, plus heureux et plus \u00e9quilibr\u00e9.<\/p><p data-sourcepos=\"5:1-5:379\">Chez FitZenforLife, nous croyons que le bien-\u00eatre est un concept holistique qui englobe tous les aspects de notre vie. Il ne s'agit pas seulement de sant\u00e9 physique ; il s'agit de clart\u00e9 mentale, de r\u00e9silience \u00e9motionnelle et de sens du but. Nos services de conseil en mati\u00e8re de bien-\u00eatre vous fournissent les conseils, les outils et le soutien dont vous avez besoin pour am\u00e9liorer votre bien-\u00eatre g\u00e9n\u00e9ral et vivre une vie plus \u00e9panouissante.<\/p><p data-sourcepos=\"7:1-7:57\"><strong>Qu'est-ce qui distingue les Conseils de Bien-\u00eatre de FitZenforLife ?<\/strong><\/p><ul data-sourcepos=\"9:1-15:0\"><li data-sourcepos=\"9:1-9:289\"><strong>Approche Holistique :<\/strong> Nous reconnaissons que le bien-\u00eatre est interconnect\u00e9. Nous explorerons tous les aspects de votre vie, y compris votre sant\u00e9 physique, votre sant\u00e9 mentale, votre bien-\u00eatre \u00e9motionnel, vos relations et votre \u00e9quilibre travail-vie personnelle, afin de cr\u00e9er un plan personnalis\u00e9 pour am\u00e9liorer votre bien-\u00eatre g\u00e9n\u00e9ral.<\/li><li data-sourcepos=\"10:1-10:295\"><strong>Conseils D'experts :<\/strong> Nos conseillers en bien-\u00eatre exp\u00e9riment\u00e9s vous fourniront des strat\u00e9gies fond\u00e9es sur des preuves et des conseils pratiques pour am\u00e9liorer votre bien-\u00eatre. Nous nous appuierons sur une vari\u00e9t\u00e9 de disciplines, y compris la psychologie, la pleine conscience, la nutrition et la forme physique, pour vous offrir une approche compl\u00e8te.<\/li><li data-sourcepos=\"11:1-11:248\"><strong>Strat\u00e9gies Personnalis\u00e9es :<\/strong> Nous comprenons que le voyage de chacun vers le bien-\u00eatre est unique. Nous travaillerons avec vous pour identifier vos besoins, d\u00e9fis et objectifs sp\u00e9cifiques, et d\u00e9velopper des strat\u00e9gies personnalis\u00e9es qui correspondent \u00e0 votre style de vie et \u00e0 vos pr\u00e9f\u00e9rences.<\/li><li data-sourcepos=\"12:1-12:372\"><strong>Se Concentrer sur L'application Pratique :<\/strong> Nous ne sommes pas seulement sur la th\u00e9orie ; nous sommes sur l'action. Nous vous fournirons des outils et des techniques pratiques que vous pourrez mettre en \u0153uvre dans votre vie quotidienne pour am\u00e9liorer votre bien-\u00eatre. Cela peut inclure des exercices de pleine conscience, des techniques de gestion du stress, la formation d'habitudes saines et des strat\u00e9gies pour am\u00e9liorer la communication et les relations.<\/li><li data-sourcepos=\"13:1-13:267\"><strong>Accent mis Sur la D\u00e9couverte de Soi :<\/strong> Nos services de conseils sur le bien-\u00eatre sont con\u00e7us pour vous permettre de devenir plus conscient de vous-m\u00eame et de comprendre vos propres besoins et d\u00e9clencheurs. Nous vous aiderons \u00e0 d\u00e9velopper les comp\u00e9tences n\u00e9cessaires pour g\u00e9rer le stress, cultiver des \u00e9motions positives et renforcer la r\u00e9silience.<\/li><li data-sourcepos=\"14:1-15:0\"><strong>Soutien et Encouragement Continus :<\/strong> Nous serons l\u00e0 pour vous soutenir \u00e0 chaque \u00e9tape du processus. Nous vous encouragerons, r\u00e9pondrons \u00e0 vos questions et vous aiderons \u00e0 rester motiv\u00e9 dans votre voyage vers le bien-\u00eatre.<\/li><\/ul><p data-sourcepos=\"16:1-16:40\"><strong>Pr\u00eat \u00e0 donner la priorit\u00e9 \u00e0 votre bien-\u00eatre ?<\/strong><\/p><p data-sourcepos=\"18:1-18:327\">Les services de conseil en mati\u00e8re de bien-\u00eatre de FitZenforLife sont un investissement dans votre sant\u00e9, votre bonheur et votre qualit\u00e9 de vie globale. Contactez-nous d\u00e8s aujourd'hui pour planifier une consultation et d\u00e9couvrir comment nous pouvons vous aider \u00e0 cultiver un vous plus \u00e9quilibr\u00e9, \u00e9panouissant et dynamique. Laissez FitZenforLife \u00eatre votre partenaire dans la cr\u00e9ation d'une vie de plus grand bien-\u00eatre.<\/p>\t\t\t\t\t\t\t\t<\/div>\n\t\t\t\t<\/div>\n\t\t\t\t<div class=\"elementor-element elementor-element-77c3e6b elementor-widget elementor-widget-button\" data-id=\"77c3e6b\" data-element_type=\"widget\" data-e-type=\"widget\" data-widget_type=\"button.default\">\n\t\t\t\t<div class=\"elementor-widget-container\">\n\t\t\t\t\t\t\t\t\t<div class=\"elementor-button-wrapper\">\n\t\t\t\t\t<a class=\"elementor-button elementor-button-link elementor-size-sm elementor-animation-grow\" href=\"https:\/\/fitzenforlife.com\/fr\/contact\/\">\n\t\t\t\t\t\t<span class=\"elementor-button-content-wrapper\">\n\t\t\t\t\t\t\t\t\t<span class=\"elementor-button-text\">Contactez maintenant<\/span>\n\t\t\t\t\t<\/span>\n\t\t\t\t\t<\/a>\n\t\t\t\t<\/div>\n\t\t\t\t\t\t\t\t<\/div>\n\t\t\t\t<\/div>\n\t\t\t\t<\/div>\n\t\t\t\t\t<\/div>\n\t\t\t\t<\/div>\n\t\t\t\t<\/div>","protected":false},"excerpt":{"rendered":"<p>Well-being Advice: Cultivating a Healthier, Happier You with FitZenforLife In today&#8217;s fast-paced world, it&#8217;s easy to get caught up in the daily grind and neglect our own well-being. We often prioritize work, family, and other commitments, leaving little time for self-care and personal growth. But true success and fulfillment come from a balanced approach to [&hellip;]<\/p>","protected":false},"author":1,"featured_media":0,"parent":0,"menu_order":0,"comment_status":"closed","ping_status":"closed","template":"","meta":{"site-sidebar-layout":"no-sidebar","site-content-layout":"page-builder","ast-site-content-layout":"default","site-content-style":"default","site-sidebar-style":"default","ast-global-header-display":"","ast-banner-title-visibility":"","ast-main-header-display":"","ast-hfb-above-header-display":"","ast-hfb-below-header-display":"","ast-hfb-mobile-header-display":"","site-post-title":"disabled","ast-breadcrumbs-content":"","ast-featured-img":"disabled","footer-sml-layout":"","ast-disable-related-posts":"","theme-transparent-header-meta":"default","adv-header-id-meta":"","stick-header-meta":"","header-above-stick-meta":"","header-main-stick-meta":"","header-below-stick-meta":"","astra-migrate-meta-layouts":"default","ast-page-background-enabled":"default","ast-page-background-meta":{"desktop":{"background-color":"","background-image":"","background-repeat":"repeat","background-position":"center center","background-size":"auto","background-attachment":"scroll","background-type":"","background-media":"","overlay-type":"","overlay-color":"","overlay-opacity":"","overlay-gradient":""},"tablet":{"background-color":"","background-image":"","background-repeat":"repeat","background-position":"center center","background-size":"auto","background-attachment":"scroll","background-type":"","background-media":"","overlay-type":"","overlay-color":"","overlay-opacity":"","overlay-gradient":""},"mobile":{"background-color":"","background-image":"","background-repeat":"repeat","background-position":"center center","background-size":"auto","background-attachment":"scroll","background-type":"","background-media":"","overlay-type":"","overlay-color":"","overlay-opacity":"","overlay-gradient":""}},"ast-content-background-meta":{"desktop":{"background-color":"var(--ast-global-color-5)","background-image":"","background-repeat":"repeat","background-position":"center center","background-size":"auto","background-attachment":"scroll","background-type":"","background-media":"","overlay-type":"","overlay-color":"","overlay-opacity":"","overlay-gradient":""},"tablet":{"background-color":"var(--ast-global-color-5)","background-image":"","background-repeat":"repeat","background-position":"center center","background-size":"auto","background-attachment":"scroll","background-type":"","background-media":"","overlay-type":"","overlay-color":"","overlay-opacity":"","overlay-gradient":""},"mobile":{"background-color":"var(--ast-global-color-5)","background-image":"","background-repeat":"repeat","background-position":"center center","background-size":"auto","background-attachment":"scroll","background-type":"","background-media":"","overlay-type":"","overlay-color":"","overlay-opacity":"","overlay-gradient":""}},"footnotes":""},"class_list":["post-3170","page","type-page","status-publish","hentry"],"_links":{"self":[{"href":"https:\/\/fitzenforlife.com\/fr\/wp-json\/wp\/v2\/pages\/3170","targetHints":{"allow":["GET"]}}],"collection":[{"href":"https:\/\/fitzenforlife.com\/fr\/wp-json\/wp\/v2\/pages"}],"about":[{"href":"https:\/\/fitzenforlife.com\/fr\/wp-json\/wp\/v2\/types\/page"}],"author":[{"embeddable":true,"href":"https:\/\/fitzenforlife.com\/fr\/wp-json\/wp\/v2\/users\/1"}],"replies":[{"embeddable":true,"href":"https:\/\/fitzenforlife.com\/fr\/wp-json\/wp\/v2\/comments?post=3170"}],"version-history":[{"count":14,"href":"https:\/\/fitzenforlife.com\/fr\/wp-json\/wp\/v2\/pages\/3170\/revisions"}],"predecessor-version":[{"id":3296,"href":"https:\/\/fitzenforlife.com\/fr\/wp-json\/wp\/v2\/pages\/3170\/revisions\/3296"}],"wp:attachment":[{"href":"https:\/\/fitzenforlife.com\/fr\/wp-json\/wp\/v2\/media?parent=3170"}],"curies":[{"name":"wp","href":"https:\/\/api.w.org\/{rel}","templated":true}]}}