{"id":3165,"date":"2025-02-17T22:58:43","date_gmt":"2025-02-17T22:58:43","guid":{"rendered":"https:\/\/fitzenforlife.com\/?page_id=3165"},"modified":"2025-02-18T17:16:36","modified_gmt":"2025-02-18T17:16:36","slug":"fitness-coaching","status":"publish","type":"page","link":"https:\/\/fitzenforlife.com\/fr\/fitness-coaching\/","title":{"rendered":"Entra\u00eenement Physique"},"content":{"rendered":"<div data-elementor-type=\"wp-page\" data-elementor-id=\"3165\" class=\"elementor elementor-3165\" data-elementor-post-type=\"page\">\n\t\t\t\t<div class=\"elementor-element elementor-element-21a6c654 e-flex e-con-boxed e-con e-parent\" data-id=\"21a6c654\" data-element_type=\"container\" data-e-type=\"container\">\n\t\t\t\t\t<div class=\"e-con-inner\">\n\t\t\t\t<div class=\"elementor-element elementor-element-5674c244 elementor-widget elementor-widget-heading\" data-id=\"5674c244\" data-element_type=\"widget\" data-e-type=\"widget\" data-widget_type=\"heading.default\">\n\t\t\t\t<div class=\"elementor-widget-container\">\n\t\t\t\t\t<h2 class=\"elementor-heading-title elementor-size-default\">Coaching de Fitness : Lib\u00e9rez Votre Potentiel avec FitZenforLife\n<\/h2>\t\t\t\t<\/div>\n\t\t\t\t<\/div>\n\t\t\t\t\t<\/div>\n\t\t\t\t<\/div>\n\t\t<div class=\"elementor-element elementor-element-3483d95d e-flex e-con-boxed e-con e-parent\" data-id=\"3483d95d\" data-element_type=\"container\" data-e-type=\"container\">\n\t\t\t\t\t<div class=\"e-con-inner\">\n\t\t<div class=\"elementor-element elementor-element-156d799d e-con-full e-flex e-con e-child\" data-id=\"156d799d\" data-element_type=\"container\" data-e-type=\"container\">\n\t\t\t\t<\/div>\n\t\t<div class=\"elementor-element elementor-element-541283eb e-con-full e-flex e-con e-child\" data-id=\"541283eb\" data-element_type=\"container\" data-e-type=\"container\">\n\t\t\t\t<\/div>\n\t\t<div class=\"elementor-element elementor-element-618aac23 e-con-full e-flex e-con e-child\" data-id=\"618aac23\" data-element_type=\"container\" data-e-type=\"container\">\n\t\t\t\t<div class=\"elementor-element elementor-element-78a8cdbb elementor-widget elementor-widget-image\" data-id=\"78a8cdbb\" data-element_type=\"widget\" data-e-type=\"widget\" data-widget_type=\"image.default\">\n\t\t\t\t<div class=\"elementor-widget-container\">\n\t\t\t\t\t\t\t\t\t\t\t\t\t\t\t<img fetchpriority=\"high\" decoding=\"async\" width=\"683\" height=\"1024\" src=\"https:\/\/fitzenforlife.com\/wp-content\/uploads\/2025\/02\/happy-young-woman-sitting-near-her-friend-gym-683x1024.jpg\" class=\"attachment-large size-large wp-image-3201\" alt=\"\" srcset=\"https:\/\/fitzenforlife.com\/wp-content\/uploads\/2025\/02\/happy-young-woman-sitting-near-her-friend-gym-683x1024.jpg 683w, https:\/\/fitzenforlife.com\/wp-content\/uploads\/2025\/02\/happy-young-woman-sitting-near-her-friend-gym-200x300.jpg 200w, https:\/\/fitzenforlife.com\/wp-content\/uploads\/2025\/02\/happy-young-woman-sitting-near-her-friend-gym-768x1151.jpg 768w, https:\/\/fitzenforlife.com\/wp-content\/uploads\/2025\/02\/happy-young-woman-sitting-near-her-friend-gym-1025x1536.jpg 1025w, https:\/\/fitzenforlife.com\/wp-content\/uploads\/2025\/02\/happy-young-woman-sitting-near-her-friend-gym-1367x2048.jpg 1367w, https:\/\/fitzenforlife.com\/wp-content\/uploads\/2025\/02\/happy-young-woman-sitting-near-her-friend-gym-scaled.jpg 1709w\" sizes=\"(max-width: 683px) 100vw, 683px\" \/>\t\t\t\t\t\t\t\t\t\t\t\t\t\t\t<\/div>\n\t\t\t\t<\/div>\n\t\t\t\t<\/div>\n\t\t<div class=\"elementor-element elementor-element-1544dab5 e-con-full e-flex e-con e-child\" data-id=\"1544dab5\" data-element_type=\"container\" data-e-type=\"container\">\n\t\t\t\t<div class=\"elementor-element elementor-element-736b3188 elementor-widget elementor-widget-text-editor\" data-id=\"736b3188\" data-element_type=\"widget\" data-e-type=\"widget\" data-widget_type=\"text-editor.default\">\n\t\t\t\t<div class=\"elementor-widget-container\">\n\t\t\t\t\t\t\t\t\t<p data-sourcepos=\"3:1-3:378\">\u00cates-vous pr\u00eat \u00e0 faire passer votre forme physique au niveau sup\u00e9rieur ? Vous retrouvez-vous \u00e0 commencer et \u00e0 arr\u00eater les routines d'entra\u00eenement, sans savoir si vous \u00eates sur la bonne voie ? Atteindre vos objectifs de remise en forme n\u00e9cessite plus que d'aller \u00e0 la salle de sport de temps en temps ; cela n\u00e9cessite une approche strat\u00e9gique, des conseils personnalis\u00e9s et un soutien constant. C'est l\u00e0 qu'intervient le coaching de fitness de FitZenforLife.<\/p><p data-sourcepos=\"5:1-5:448\">Chez FitZenforLife, nous pensons que tout le monde a le potentiel d'atteindre ses objectifs de remise en forme, quel que soit son niveau de forme physique actuel. Nous comprenons que le fitness est un voyage, pas une destination, et nous sommes l\u00e0 pour vous guider \u00e0 chaque \u00e9tape du processus. Notre programme de coaching physique est con\u00e7u pour vous fournir l'attention personnalis\u00e9e, les instructions d'experts et le soutien ind\u00e9fectible dont vous avez besoin pour lib\u00e9rer votre plein potentiel et obtenir des r\u00e9sultats durables.<\/p><p data-sourcepos=\"7:1-7:58\"><strong>Qu'est-ce qui fait ressortir le coaching de fitness de FitZenforLife ?<\/strong><\/p><ul data-sourcepos=\"9:1-15:0\"><li data-sourcepos=\"9:1-9:313\"><strong>Plans D'entra\u00eenement Personnalis\u00e9s :<\/strong> Oubliez les routines d'entra\u00eenement g\u00e9n\u00e9riques. Votre plan de remise en forme FitZenforLife sera adapt\u00e9 \u00e0 vos objectifs sp\u00e9cifiques, \u00e0 votre niveau de forme physique, \u00e0 l'\u00e9quipement disponible et \u00e0 vos activit\u00e9s pr\u00e9f\u00e9r\u00e9es. Nous travaillerons avec vous pour cr\u00e9er un programme stimulant mais r\u00e9alisable, et surtout agr\u00e9able !<\/li><li data-sourcepos=\"10:1-10:268\"><strong>Conseils et Instructions D'experts :<\/strong> Nos entra\u00eeneurs de fitness exp\u00e9riment\u00e9s vous fourniront des instructions d'experts sur la forme et la technique appropri\u00e9es. Nous vous apprendrons \u00e0 effectuer des exercices de mani\u00e8re s\u00fbre et efficace, en maximisant vos r\u00e9sultats et en minimisant votre risque de blessure.<\/li><li data-sourcepos=\"11:1-11:300\"><strong>Motivation et Responsabilit\u00e9 :<\/strong> Rester motiv\u00e9 est essentiel pour atteindre vos objectifs de remise en forme. Votre coach FitZenforLife vous fournira les encouragements, le soutien et la responsabilit\u00e9 dont vous avez besoin pour rester sur la bonne voie. Nous c\u00e9l\u00e9brerons vos succ\u00e8s et vous aiderons \u00e0 surmonter tous les d\u00e9fis auxquels vous pourriez \u00eatre confront\u00e9s.<\/li><li data-sourcepos=\"12:1-12:221\"><strong>Suivi des Progr\u00e8s et Ajustements :<\/strong> Nous suivrons r\u00e9guli\u00e8rement vos progr\u00e8s et ajusterons votre plan de formation au besoin. Cela garantit que vous \u00eates toujours mis au d\u00e9fi et que vous progressez vers vos objectifs.<\/li><li data-sourcepos=\"13:1-13:258\"><strong>Se Concentrer sur les R\u00e9sultats \u00e0 Long-Terme :<\/strong> Notre objectif est de vous aider \u00e0 d\u00e9velopper des habitudes de remise en forme durables que vous pouvez maintenir \u00e0 vie. Nous vous fournirons les connaissances et les outils dont vous avez besoin pour poursuivre votre parcours de remise en forme longtemps apr\u00e8s la fin de nos s\u00e9ances de coaching.<\/li><li data-sourcepos=\"14:1-15:0\"><strong>Options Flexibles :<\/strong> Nous offrons une vari\u00e9t\u00e9 d'options de coaching pour r\u00e9pondre \u00e0 vos besoins et \u00e0 votre emploi du temps, y compris la formation en personne, le coaching virtuel et les approches hybrides.<\/li><\/ul><p data-sourcepos=\"16:1-16:44\"><strong>Pr\u00eat \u00e0 lib\u00e9rer votre potentiel de remise en forme ?<\/strong><\/p><p data-sourcepos=\"18:1-18:361\">Le programme de coaching physique de FitZenforLife est plus qu'un simple plan d'entra\u00eenement ; c'est un investissement dans votre sant\u00e9, votre bien-\u00eatre et votre confiance en vous. Contactez-nous d\u00e8s aujourd'hui pour planifier une consultation et d\u00e9couvrir comment nous pouvons vous aider \u00e0 atteindre vos objectifs de remise en forme et \u00e0 vivre une vie plus saine et plus active. Laissez FitZenforLife \u00eatre votre partenaire pour cr\u00e9er un vous plus fort et plus r\u00e9sistant.<\/p>\t\t\t\t\t\t\t\t<\/div>\n\t\t\t\t<\/div>\n\t\t\t\t<div class=\"elementor-element elementor-element-83f06d8 elementor-widget elementor-widget-button\" data-id=\"83f06d8\" data-element_type=\"widget\" data-e-type=\"widget\" data-widget_type=\"button.default\">\n\t\t\t\t<div class=\"elementor-widget-container\">\n\t\t\t\t\t\t\t\t\t<div class=\"elementor-button-wrapper\">\n\t\t\t\t\t<a class=\"elementor-button elementor-button-link elementor-size-sm elementor-animation-grow\" href=\"https:\/\/fitzenforlife.com\/fr\/contact\/\">\n\t\t\t\t\t\t<span class=\"elementor-button-content-wrapper\">\n\t\t\t\t\t\t\t\t\t<span class=\"elementor-button-text\">Contactez maintenant<\/span>\n\t\t\t\t\t<\/span>\n\t\t\t\t\t<\/a>\n\t\t\t\t<\/div>\n\t\t\t\t\t\t\t\t<\/div>\n\t\t\t\t<\/div>\n\t\t\t\t<\/div>\n\t\t\t\t\t<\/div>\n\t\t\t\t<\/div>\n\t\t\t\t<\/div>","protected":false},"excerpt":{"rendered":"<p>Fitness Coaching: Unleash Your Potential with FitZenforLife Are you ready to take your fitness to the next level? Do you find yourself starting and stopping workout routines, unsure if you&#8217;re even on the right track? Achieving your fitness goals requires more than just hitting the gym occasionally; it requires a strategic approach, personalized guidance, and [&hellip;]<\/p>","protected":false},"author":1,"featured_media":0,"parent":0,"menu_order":0,"comment_status":"closed","ping_status":"closed","template":"","meta":{"site-sidebar-layout":"no-sidebar","site-content-layout":"page-builder","ast-site-content-layout":"default","site-content-style":"default","site-sidebar-style":"default","ast-global-header-display":"","ast-banner-title-visibility":"","ast-main-header-display":"","ast-hfb-above-header-display":"","ast-hfb-below-header-display":"","ast-hfb-mobile-header-display":"","site-post-title":"disabled","ast-breadcrumbs-content":"","ast-featured-img":"disabled","footer-sml-layout":"","ast-disable-related-posts":"","theme-transparent-header-meta":"default","adv-header-id-meta":"","stick-header-meta":"","header-above-stick-meta":"","header-main-stick-meta":"","header-below-stick-meta":"","astra-migrate-meta-layouts":"default","ast-page-background-enabled":"default","ast-page-background-meta":{"desktop":{"background-color":"","background-image":"","background-repeat":"repeat","background-position":"center center","background-size":"auto","background-attachment":"scroll","background-type":"","background-media":"","overlay-type":"","overlay-color":"","overlay-opacity":"","overlay-gradient":""},"tablet":{"background-color":"","background-image":"","background-repeat":"repeat","background-position":"center center","background-size":"auto","background-attachment":"scroll","background-type":"","background-media":"","overlay-type":"","overlay-color":"","overlay-opacity":"","overlay-gradient":""},"mobile":{"background-color":"","background-image":"","background-repeat":"repeat","background-position":"center center","background-size":"auto","background-attachment":"scroll","background-type":"","background-media":"","overlay-type":"","overlay-color":"","overlay-opacity":"","overlay-gradient":""}},"ast-content-background-meta":{"desktop":{"background-color":"var(--ast-global-color-5)","background-image":"","background-repeat":"repeat","background-position":"center center","background-size":"auto","background-attachment":"scroll","background-type":"","background-media":"","overlay-type":"","overlay-color":"","overlay-opacity":"","overlay-gradient":""},"tablet":{"background-color":"var(--ast-global-color-5)","background-image":"","background-repeat":"repeat","background-position":"center center","background-size":"auto","background-attachment":"scroll","background-type":"","background-media":"","overlay-type":"","overlay-color":"","overlay-opacity":"","overlay-gradient":""},"mobile":{"background-color":"var(--ast-global-color-5)","background-image":"","background-repeat":"repeat","background-position":"center center","background-size":"auto","background-attachment":"scroll","background-type":"","background-media":"","overlay-type":"","overlay-color":"","overlay-opacity":"","overlay-gradient":""}},"footnotes":""},"class_list":["post-3165","page","type-page","status-publish","hentry"],"_links":{"self":[{"href":"https:\/\/fitzenforlife.com\/fr\/wp-json\/wp\/v2\/pages\/3165","targetHints":{"allow":["GET"]}}],"collection":[{"href":"https:\/\/fitzenforlife.com\/fr\/wp-json\/wp\/v2\/pages"}],"about":[{"href":"https:\/\/fitzenforlife.com\/fr\/wp-json\/wp\/v2\/types\/page"}],"author":[{"embeddable":true,"href":"https:\/\/fitzenforlife.com\/fr\/wp-json\/wp\/v2\/users\/1"}],"replies":[{"embeddable":true,"href":"https:\/\/fitzenforlife.com\/fr\/wp-json\/wp\/v2\/comments?post=3165"}],"version-history":[{"count":11,"href":"https:\/\/fitzenforlife.com\/fr\/wp-json\/wp\/v2\/pages\/3165\/revisions"}],"predecessor-version":[{"id":3292,"href":"https:\/\/fitzenforlife.com\/fr\/wp-json\/wp\/v2\/pages\/3165\/revisions\/3292"}],"wp:attachment":[{"href":"https:\/\/fitzenforlife.com\/fr\/wp-json\/wp\/v2\/media?parent=3165"}],"curies":[{"name":"wp","href":"https:\/\/api.w.org\/{rel}","templated":true}]}}