{"id":3156,"date":"2025-02-17T22:03:35","date_gmt":"2025-02-17T22:03:35","guid":{"rendered":"https:\/\/fitzenforlife.com\/?page_id=3156"},"modified":"2025-02-18T17:15:15","modified_gmt":"2025-02-18T17:15:15","slug":"nutrition-advice","status":"publish","type":"page","link":"https:\/\/fitzenforlife.com\/fr\/nutrition-advice\/","title":{"rendered":"Conseils Nutritionnels"},"content":{"rendered":"<div data-elementor-type=\"wp-page\" data-elementor-id=\"3156\" class=\"elementor elementor-3156\" data-elementor-post-type=\"page\">\n\t\t\t\t<div class=\"elementor-element elementor-element-21a6c654 e-flex e-con-boxed e-con e-parent\" data-id=\"21a6c654\" data-element_type=\"container\" data-e-type=\"container\">\n\t\t\t\t\t<div class=\"e-con-inner\">\n\t\t\t\t<div class=\"elementor-element elementor-element-5674c244 elementor-widget elementor-widget-heading\" data-id=\"5674c244\" data-element_type=\"widget\" data-e-type=\"widget\" data-widget_type=\"heading.default\">\n\t\t\t\t<div class=\"elementor-widget-container\">\n\t\t\t\t\t<h2 class=\"elementor-heading-title elementor-size-default\">Conseils Nutritionnels : Alimenter votre corps pour un bien-\u00eatre optimal avec FitZenforLife\n<\/h2>\t\t\t\t<\/div>\n\t\t\t\t<\/div>\n\t\t\t\t\t<\/div>\n\t\t\t\t<\/div>\n\t\t<div class=\"elementor-element elementor-element-3483d95d e-flex e-con-boxed e-con e-parent\" data-id=\"3483d95d\" data-element_type=\"container\" data-e-type=\"container\">\n\t\t\t\t\t<div class=\"e-con-inner\">\n\t\t<div class=\"elementor-element elementor-element-156d799d e-con-full e-flex e-con e-child\" data-id=\"156d799d\" data-element_type=\"container\" data-e-type=\"container\">\n\t\t\t\t<\/div>\n\t\t<div class=\"elementor-element elementor-element-541283eb e-con-full e-flex e-con e-child\" data-id=\"541283eb\" data-element_type=\"container\" data-e-type=\"container\">\n\t\t\t\t<\/div>\n\t\t<div class=\"elementor-element elementor-element-618aac23 e-con-full e-flex e-con e-child\" data-id=\"618aac23\" data-element_type=\"container\" data-e-type=\"container\">\n\t\t\t\t<div class=\"elementor-element elementor-element-78a8cdbb elementor-widget elementor-widget-image\" data-id=\"78a8cdbb\" data-element_type=\"widget\" data-e-type=\"widget\" data-widget_type=\"image.default\">\n\t\t\t\t<div class=\"elementor-widget-container\">\n\t\t\t\t\t\t\t\t\t\t\t\t\t\t\t<img fetchpriority=\"high\" decoding=\"async\" width=\"1024\" height=\"683\" src=\"https:\/\/fitzenforlife.com\/wp-content\/uploads\/2025\/02\/beautiful-sporty-girl-kitchen-with-vegetables-1024x683.jpg\" class=\"attachment-large size-large wp-image-3148\" alt=\"\" srcset=\"https:\/\/fitzenforlife.com\/wp-content\/uploads\/2025\/02\/beautiful-sporty-girl-kitchen-with-vegetables-1024x683.jpg 1024w, https:\/\/fitzenforlife.com\/wp-content\/uploads\/2025\/02\/beautiful-sporty-girl-kitchen-with-vegetables-300x200.jpg 300w, https:\/\/fitzenforlife.com\/wp-content\/uploads\/2025\/02\/beautiful-sporty-girl-kitchen-with-vegetables-768x512.jpg 768w, https:\/\/fitzenforlife.com\/wp-content\/uploads\/2025\/02\/beautiful-sporty-girl-kitchen-with-vegetables-1536x1024.jpg 1536w, https:\/\/fitzenforlife.com\/wp-content\/uploads\/2025\/02\/beautiful-sporty-girl-kitchen-with-vegetables-2048x1365.jpg 2048w\" sizes=\"(max-width: 1024px) 100vw, 1024px\" \/>\t\t\t\t\t\t\t\t\t\t\t\t\t\t\t<\/div>\n\t\t\t\t<\/div>\n\t\t\t\t<\/div>\n\t\t<div class=\"elementor-element elementor-element-1544dab5 e-con-full e-flex e-con e-child\" data-id=\"1544dab5\" data-element_type=\"container\" data-e-type=\"container\">\n\t\t\t\t<div class=\"elementor-element elementor-element-736b3188 elementor-widget elementor-widget-text-editor\" data-id=\"736b3188\" data-element_type=\"widget\" data-e-type=\"widget\" data-widget_type=\"text-editor.default\">\n\t\t\t\t<div class=\"elementor-widget-container\">\n\t\t\t\t\t\t\t\t\t<p data-sourcepos=\"3:1-3:454\">Dans le monde actuel des tendances alimentaires contradictoires et des \u00e9tiquettes alimentaires confuses, naviguer dans le monde de la nutrition peut se sentir comme un champ de mines. Les glucides sont-ils l'ennemi ? La graisse est-elle \u00e0 bl\u00e2mer ? Qu'en est-il du je\u00fbne intermittent ? Il est facile de se perdre dans le bruit et de lutter pour faire des choix \u00e9clair\u00e9s sur ce que vous mangez. Les services de conseils nutritionnels de FitZenforLife sont l\u00e0 pour couper la confusion et vous donner les moyens de nourrir votre corps pour une sant\u00e9 et un bien-\u00eatre optimaux.<\/p><p data-sourcepos=\"5:1-5:421\">Chez FitZenforLife, nous pensons que la nutrition ne concerne pas seulement ce que vous mangez ; il s'agit de comprendre pourquoi vous mangez et comment la nourriture affecte votre corps. Nous adoptons une approche personnalis\u00e9e de la nutrition, reconnaissant que les besoins et les pr\u00e9f\u00e9rences de chacun sont uniques. Nos services de conseil en nutrition sont con\u00e7us pour vous fournir les connaissances, les outils et le soutien dont vous avez besoin pour apporter des changements durables et atteindre vos objectifs de sant\u00e9.<\/p><p data-sourcepos=\"7:1-7:53\"><strong>Qu'est-ce qui distingue les conseils nutritionnels de FitZenforLife ?<\/strong><\/p><ul data-sourcepos=\"9:1-15:0\"><li data-sourcepos=\"9:1-9:229\"><strong>Approche fond\u00e9e sur des preuves :<\/strong> Nous basons nos conseils nutritionnels sur la recherche scientifique et les meilleures pratiques. Nous nous tenons au courant des derni\u00e8res d\u00e9couvertes en science de la nutrition pour nous assurer que vous recevez des informations pr\u00e9cises et fiables.<\/li><li data-sourcepos=\"10:1-10:267\"><strong>Conseils personnalis\u00e9s :<\/strong> Nous comprenons qu'il n'y a pas d'approche unique en mati\u00e8re de nutrition. Nous travaillerons avec vous pour comprendre vos besoins individuels, vos restrictions alimentaires, vos pr\u00e9f\u00e9rences et votre mode de vie afin de cr\u00e9er un plan nutritionnel personnalis\u00e9 qui vous convient.<\/li><li data-sourcepos=\"11:1-11:198\"><strong>Se concentrer sur Whole Foods :<\/strong> Nous soulignons l'importance de consommer des aliments entiers et non transform\u00e9s. Nous vous guiderons pour faire des choix sains et int\u00e9grer des aliments riches en nutriments dans votre alimentation quotidienne.<\/li><li data-sourcepos=\"12:1-12:286\"><strong>Strat\u00e9gies durables :<\/strong> Nous ne sommes pas \u00e0 propos de solutions rapides ou de r\u00e9gimes \u00e0 la mode. Nos services de conseil en nutrition se concentrent sur l'aide \u00e0 d\u00e9velopper des habitudes alimentaires durables que vous pouvez maintenir \u00e0 long terme. Nous vous enseignerons des strat\u00e9gies pratiques pour la planification des repas, l'\u00e9picerie et l'alimentation consciente.<\/li><li data-sourcepos=\"13:1-13:285\"><strong>R\u00e9soudre Les Probl\u00e8mes Sous-Jants :<\/strong> Nous reconnaissons que la nutrition est souvent li\u00e9e \u00e0 d'autres aspects du bien-\u00eatre, tels que le stress, le sommeil et la sant\u00e9 \u00e9motionnelle. Nous adopterons une approche holistique de la nutrition, en abordant tous les probl\u00e8mes sous-jacents qui pourraient avoir un impact sur vos habitudes alimentaires.<\/li><li data-sourcepos=\"14:1-15:0\"><strong>Soutien et \u00e9ducation continus :<\/strong> Nous serons l\u00e0 pour vous soutenir \u00e0 chaque \u00e9tape du processus. Nous vous fournirons des conseils continus, r\u00e9pondrons \u00e0 vos questions et vous aiderons \u00e0 rester motiv\u00e9 dans votre parcours nutritionnel. Nous vous fournirons \u00e9galement les connaissances et les outils dont vous avez besoin pour faire des choix \u00e9clair\u00e9s en mati\u00e8re d'alimentation pour les ann\u00e9es \u00e0 venir.<\/li><\/ul><p data-sourcepos=\"16:1-16:51\"><strong>Pr\u00eat \u00e0 transformer votre relation avec la nourriture ?<\/strong><\/p><p data-sourcepos=\"18:1-18:372\">Les services de conseil nutritionnel de FitZenforLife sont plus qu'un simple r\u00e9gime alimentaire ; ils sont un investissement dans votre sant\u00e9 et votre bien-\u00eatre. Contactez-nous d\u00e8s aujourd'hui pour planifier une consultation et d\u00e9couvrir comment nous pouvons vous aider \u00e0 alimenter votre corps pour une sant\u00e9 optimale et vivre votre meilleure vie. Laissez FitZenforLife \u00eatre votre partenaire pour cr\u00e9er un vous plus sain et plus dynamique gr\u00e2ce au pouvoir de la nutrition.<\/p>\t\t\t\t\t\t\t\t<\/div>\n\t\t\t\t<\/div>\n\t\t\t\t<div class=\"elementor-element elementor-element-22289ea elementor-widget elementor-widget-button\" data-id=\"22289ea\" data-element_type=\"widget\" data-e-type=\"widget\" data-widget_type=\"button.default\">\n\t\t\t\t<div class=\"elementor-widget-container\">\n\t\t\t\t\t\t\t\t\t<div class=\"elementor-button-wrapper\">\n\t\t\t\t\t<a class=\"elementor-button elementor-button-link elementor-size-sm elementor-animation-grow\" href=\"https:\/\/fitzenforlife.com\/fr\/contact\/\">\n\t\t\t\t\t\t<span class=\"elementor-button-content-wrapper\">\n\t\t\t\t\t\t\t\t\t<span class=\"elementor-button-text\">Contactez maintenant<\/span>\n\t\t\t\t\t<\/span>\n\t\t\t\t\t<\/a>\n\t\t\t\t<\/div>\n\t\t\t\t\t\t\t\t<\/div>\n\t\t\t\t<\/div>\n\t\t\t\t<\/div>\n\t\t\t\t\t<\/div>\n\t\t\t\t<\/div>\n\t\t\t\t<\/div>","protected":false},"excerpt":{"rendered":"<p>Nutrition Advice: Fueling Your Body for Optimal Well-being with FitZenforLife In today&#8217;s world of conflicting diet trends and confusing food labels, navigating the world of nutrition can feel like a minefield. Are carbs the enemy? Is fat the culprit? What about intermittent fasting? It&#8217;s easy to get lost in the noise and struggle to make [&hellip;]<\/p>","protected":false},"author":1,"featured_media":0,"parent":0,"menu_order":0,"comment_status":"closed","ping_status":"closed","template":"","meta":{"site-sidebar-layout":"no-sidebar","site-content-layout":"page-builder","ast-site-content-layout":"default","site-content-style":"default","site-sidebar-style":"default","ast-global-header-display":"","ast-banner-title-visibility":"","ast-main-header-display":"","ast-hfb-above-header-display":"","ast-hfb-below-header-display":"","ast-hfb-mobile-header-display":"","site-post-title":"disabled","ast-breadcrumbs-content":"","ast-featured-img":"disabled","footer-sml-layout":"","ast-disable-related-posts":"","theme-transparent-header-meta":"default","adv-header-id-meta":"","stick-header-meta":"","header-above-stick-meta":"","header-main-stick-meta":"","header-below-stick-meta":"","astra-migrate-meta-layouts":"default","ast-page-background-enabled":"default","ast-page-background-meta":{"desktop":{"background-color":"","background-image":"","background-repeat":"repeat","background-position":"center center","background-size":"auto","background-attachment":"scroll","background-type":"","background-media":"","overlay-type":"","overlay-color":"","overlay-opacity":"","overlay-gradient":""},"tablet":{"background-color":"","background-image":"","background-repeat":"repeat","background-position":"center center","background-size":"auto","background-attachment":"scroll","background-type":"","background-media":"","overlay-type":"","overlay-color":"","overlay-opacity":"","overlay-gradient":""},"mobile":{"background-color":"","background-image":"","background-repeat":"repeat","background-position":"center center","background-size":"auto","background-attachment":"scroll","background-type":"","background-media":"","overlay-type":"","overlay-color":"","overlay-opacity":"","overlay-gradient":""}},"ast-content-background-meta":{"desktop":{"background-color":"var(--ast-global-color-5)","background-image":"","background-repeat":"repeat","background-position":"center center","background-size":"auto","background-attachment":"scroll","background-type":"","background-media":"","overlay-type":"","overlay-color":"","overlay-opacity":"","overlay-gradient":""},"tablet":{"background-color":"var(--ast-global-color-5)","background-image":"","background-repeat":"repeat","background-position":"center center","background-size":"auto","background-attachment":"scroll","background-type":"","background-media":"","overlay-type":"","overlay-color":"","overlay-opacity":"","overlay-gradient":""},"mobile":{"background-color":"var(--ast-global-color-5)","background-image":"","background-repeat":"repeat","background-position":"center center","background-size":"auto","background-attachment":"scroll","background-type":"","background-media":"","overlay-type":"","overlay-color":"","overlay-opacity":"","overlay-gradient":""}},"footnotes":""},"class_list":["post-3156","page","type-page","status-publish","hentry"],"_links":{"self":[{"href":"https:\/\/fitzenforlife.com\/fr\/wp-json\/wp\/v2\/pages\/3156","targetHints":{"allow":["GET"]}}],"collection":[{"href":"https:\/\/fitzenforlife.com\/fr\/wp-json\/wp\/v2\/pages"}],"about":[{"href":"https:\/\/fitzenforlife.com\/fr\/wp-json\/wp\/v2\/types\/page"}],"author":[{"embeddable":true,"href":"https:\/\/fitzenforlife.com\/fr\/wp-json\/wp\/v2\/users\/1"}],"replies":[{"embeddable":true,"href":"https:\/\/fitzenforlife.com\/fr\/wp-json\/wp\/v2\/comments?post=3156"}],"version-history":[{"count":13,"href":"https:\/\/fitzenforlife.com\/fr\/wp-json\/wp\/v2\/pages\/3156\/revisions"}],"predecessor-version":[{"id":3289,"href":"https:\/\/fitzenforlife.com\/fr\/wp-json\/wp\/v2\/pages\/3156\/revisions\/3289"}],"wp:attachment":[{"href":"https:\/\/fitzenforlife.com\/fr\/wp-json\/wp\/v2\/media?parent=3156"}],"curies":[{"name":"wp","href":"https:\/\/api.w.org\/{rel}","templated":true}]}}