{"id":307,"date":"2025-02-10T18:06:21","date_gmt":"2025-02-10T18:06:21","guid":{"rendered":"https:\/\/fitzenforlife.com\/blog\/"},"modified":"2025-02-18T17:12:11","modified_gmt":"2025-02-18T17:12:11","slug":"personalized-plans","status":"publish","type":"page","link":"https:\/\/fitzenforlife.com\/fr\/personalized-plans\/","title":{"rendered":"Plans Personnalis\u00e9s"},"content":{"rendered":"<div data-elementor-type=\"wp-page\" data-elementor-id=\"307\" class=\"elementor elementor-307\" data-elementor-post-type=\"page\">\n\t\t\t\t<div class=\"elementor-element elementor-element-21a6c654 e-flex e-con-boxed e-con e-parent\" data-id=\"21a6c654\" data-element_type=\"container\" data-e-type=\"container\">\n\t\t\t\t\t<div class=\"e-con-inner\">\n\t\t\t\t<div class=\"elementor-element elementor-element-5674c244 elementor-widget elementor-widget-heading\" data-id=\"5674c244\" data-element_type=\"widget\" data-e-type=\"widget\" data-widget_type=\"heading.default\">\n\t\t\t\t<div class=\"elementor-widget-container\">\n\t\t\t\t\t<h2 class=\"elementor-heading-title elementor-size-default\">Plans Personnalis\u00e9s : Votre chemin vers un vous plus sain avec FitZenforLife\n\n<\/h2>\t\t\t\t<\/div>\n\t\t\t\t<\/div>\n\t\t\t\t\t<\/div>\n\t\t\t\t<\/div>\n\t\t<div class=\"elementor-element elementor-element-3483d95d e-flex e-con-boxed e-con e-parent\" data-id=\"3483d95d\" data-element_type=\"container\" data-e-type=\"container\">\n\t\t\t\t\t<div class=\"e-con-inner\">\n\t\t<div class=\"elementor-element elementor-element-156d799d e-con-full e-flex e-con e-child\" data-id=\"156d799d\" data-element_type=\"container\" data-e-type=\"container\">\n\t\t\t\t<\/div>\n\t\t<div class=\"elementor-element elementor-element-541283eb e-con-full e-flex e-con e-child\" data-id=\"541283eb\" data-element_type=\"container\" data-e-type=\"container\">\n\t\t\t\t<\/div>\n\t\t<div class=\"elementor-element elementor-element-618aac23 e-con-full e-flex e-con e-child\" data-id=\"618aac23\" data-element_type=\"container\" data-e-type=\"container\">\n\t\t\t\t<div class=\"elementor-element elementor-element-78a8cdbb elementor-widget elementor-widget-image\" data-id=\"78a8cdbb\" data-element_type=\"widget\" data-e-type=\"widget\" data-widget_type=\"image.default\">\n\t\t\t\t<div class=\"elementor-widget-container\">\n\t\t\t\t\t\t\t\t\t\t\t\t\t\t\t<img fetchpriority=\"high\" decoding=\"async\" width=\"1024\" height=\"1024\" src=\"https:\/\/fitzenforlife.com\/wp-content\/uploads\/2025\/02\/close-up-hand-writing-notebook-1024x1024.jpg\" class=\"attachment-large size-large wp-image-3115\" alt=\"\" srcset=\"https:\/\/fitzenforlife.com\/wp-content\/uploads\/2025\/02\/close-up-hand-writing-notebook-1024x1024.jpg 1024w, https:\/\/fitzenforlife.com\/wp-content\/uploads\/2025\/02\/close-up-hand-writing-notebook-300x300.jpg 300w, https:\/\/fitzenforlife.com\/wp-content\/uploads\/2025\/02\/close-up-hand-writing-notebook-150x150.jpg 150w, https:\/\/fitzenforlife.com\/wp-content\/uploads\/2025\/02\/close-up-hand-writing-notebook-768x769.jpg 768w, https:\/\/fitzenforlife.com\/wp-content\/uploads\/2025\/02\/close-up-hand-writing-notebook-1534x1536.jpg 1534w, https:\/\/fitzenforlife.com\/wp-content\/uploads\/2025\/02\/close-up-hand-writing-notebook-2046x2048.jpg 2046w\" sizes=\"(max-width: 1024px) 100vw, 1024px\" \/>\t\t\t\t\t\t\t\t\t\t\t\t\t\t\t<\/div>\n\t\t\t\t<\/div>\n\t\t\t\t<\/div>\n\t\t<div class=\"elementor-element elementor-element-1544dab5 e-con-full e-flex e-con e-child\" data-id=\"1544dab5\" data-element_type=\"container\" data-e-type=\"container\">\n\t\t\t\t<div class=\"elementor-element elementor-element-736b3188 elementor-widget elementor-widget-text-editor\" data-id=\"736b3188\" data-element_type=\"widget\" data-e-type=\"widget\" data-widget_type=\"text-editor.default\">\n\t\t\t\t<div class=\"elementor-widget-container\">\n\t\t\t\t\t\t\t\t\t<p data-sourcepos=\"3:1-3:451\">Dans un monde satur\u00e9 de tendances alimentaires g\u00e9n\u00e9riques et de routines de remise en forme de taille unique, il est facile de se sentir perdu et d\u00e9pass\u00e9. Vous avez probablement essay\u00e9 quelques choses, peut-\u00eatre m\u00eame vu quelques progr\u00e8s initiaux, pour vous retrouver l\u00e0 o\u00f9 vous avez commenc\u00e9. Pourquoi ? Parce que c'est vrai, le changement durable ne consiste pas \u00e0 suivre un plan pr\u00e9emball\u00e9 ; il s'agit de comprendre <em>your<\/em>body, <em>your<\/em> needs, and <em>your<\/em> goals. That&#8217;s where FitZenforLife&#8217;s Personalized Plans come in.<\/p><p data-sourcepos=\"5:1-5:450\">Chez FitZenforLife, nous croyons que le parcours de chacun vers le bien-\u00eatre est unique. Il n'y a pas de solution miracle, pas de formule secr\u00e8te qui fonctionne pour tout le monde. C'est pourquoi nous avons construit notre approche autour du pouvoir de la personnalisation. Nous comprenons que votre mode de vie, vos pr\u00e9f\u00e9rences et vos ant\u00e9c\u00e9dents m\u00e9dicaux jouent tous un r\u00f4le crucial dans votre r\u00e9ussite. Nos plans personnalis\u00e9s sont con\u00e7us pour prendre en compte tous ces facteurs, en cr\u00e9ant une feuille de route sp\u00e9cifiquement pour <em>you<\/em>.<\/p><p data-sourcepos=\"7:1-7:60\"><strong>Qu'est-ce qui rend les plans personnalis\u00e9s de FitZenforLife diff\u00e9rents ?<\/strong><\/p><ul data-sourcepos=\"9:1-14:0\"><li data-sourcepos=\"9:1-9:278\"><strong>Approche Individualis\u00e9e :<\/strong> Nous commen\u00e7ons par apprendre \u00e0 vous conna\u00eetre. Gr\u00e2ce \u00e0 des consultations approfondies, nous discuterons de vos objectifs, de vos habitudes actuelles, de toute restriction ou pr\u00e9f\u00e9rence alimentaire et de votre mode de vie g\u00e9n\u00e9ral. Ces informations constituent la base de votre plan personnalis\u00e9.<\/li><li data-sourcepos=\"10:1-10:405\"><strong>Nutrition sur Mesure :<\/strong> Oubliez les r\u00e9gimes restrictifs et les plans de repas g\u00e9n\u00e9riques. Votre plan nutritionnel FitZenforLife sera adapt\u00e9 \u00e0 vos besoins et pr\u00e9f\u00e9rences sp\u00e9cifiques. Nous travaillerons avec vous pour cr\u00e9er un r\u00e9gime alimentaire durable que vous appr\u00e9ciez et qui alimente efficacement votre corps. Nous nous concentrerons sur les aliments entiers, les macronutriments \u00e9quilibr\u00e9s et les strat\u00e9gies pratiques pour faire des choix sains dans votre vie quotidienne.<\/li><li data-sourcepos=\"11:1-11:362\"><strong>Fitness Personnalis\u00e9 :<\/strong> Que vous soyez un athl\u00e8te chevronn\u00e9 ou que vous commenciez tout juste votre parcours de remise en forme, votre plan de remise en forme FitZenforLife sera con\u00e7u pour vous rencontrer l\u00e0 o\u00f9 vous \u00eates. Nous consid\u00e9rerons votre niveau de forme physique, votre \u00e9quipement disponible et vos activit\u00e9s pr\u00e9f\u00e9r\u00e9es pour cr\u00e9er une routine d'entra\u00eenement stimulante mais r\u00e9alisable et, surtout, agr\u00e9able !<\/li><li data-sourcepos=\"12:1-12:353\"><strong>Soutien Continu :<\/strong> Nous n'allons pas simplement vous remettre un plan et vous envoyer sur votre chemin. Chez FitZenforLife, nous croyons au pouvoir du soutien. Nous serons l\u00e0 \u00e0 chaque \u00e9tape du processus, en fournissant des conseils, de la motivation et de la responsabilit\u00e9. Nous nous enregistrerons r\u00e9guli\u00e8rement pour suivre vos progr\u00e8s, r\u00e9pondre \u00e0 vos questions et apporter des ajustements \u00e0 votre plan au besoin.<\/li><li data-sourcepos=\"13:1-14:0\"><strong>Se concentrer sur le bien-\u00eatre \u00e0 long terme :<\/strong> Notre objectif n'est pas seulement de vous aider \u00e0 obtenir des r\u00e9sultats \u00e0 court terme ; c'est de vous donner les moyens d'apporter des changements durables de mode de vie qui soutiennent votre sant\u00e9 et votre bien-\u00eatre \u00e0 long terme. Nous vous fournirons les connaissances et les outils dont vous avez besoin pour faire des choix \u00e9clair\u00e9s et maintenir un mode de vie sain pour les ann\u00e9es \u00e0 venir.<\/li><\/ul><p data-sourcepos=\"15:1-15:58\"><strong>Pr\u00eat \u00e0 vous lancer dans votre parcours de bien-\u00eatre personnalis\u00e9 ?<\/strong><\/p><p data-sourcepos=\"17:1-17:333\">Les plans personnalis\u00e9s de FitZenforLife sont plus qu'un simple r\u00e9gime ou un programme d'exercice ; ils sont un investissement dans votre sant\u00e9 et votre bonheur. Contactez-nous d\u00e8s aujourd'hui pour planifier une consultation et d\u00e9couvrir comment nous pouvons vous aider \u00e0 atteindre vos objectifs et \u00e0 vivre votre meilleure vie. Laissez FitZenforLife \u00eatre votre partenaire pour cr\u00e9er une personne plus saine et plus dynamique.<\/p>\t\t\t\t\t\t\t\t<\/div>\n\t\t\t\t<\/div>\n\t\t\t\t<div class=\"elementor-element elementor-element-0e92257 elementor-widget elementor-widget-button\" data-id=\"0e92257\" data-element_type=\"widget\" data-e-type=\"widget\" data-widget_type=\"button.default\">\n\t\t\t\t<div class=\"elementor-widget-container\">\n\t\t\t\t\t\t\t\t\t<div class=\"elementor-button-wrapper\">\n\t\t\t\t\t<a class=\"elementor-button elementor-button-link elementor-size-sm elementor-animation-grow\" href=\"https:\/\/fitzenforlife.com\/fr\/contact\/\">\n\t\t\t\t\t\t<span class=\"elementor-button-content-wrapper\">\n\t\t\t\t\t\t\t\t\t<span class=\"elementor-button-text\">Contactez maintenant<\/span>\n\t\t\t\t\t<\/span>\n\t\t\t\t\t<\/a>\n\t\t\t\t<\/div>\n\t\t\t\t\t\t\t\t<\/div>\n\t\t\t\t<\/div>\n\t\t\t\t<\/div>\n\t\t\t\t\t<\/div>\n\t\t\t\t<\/div>\n\t\t\t\t<\/div>","protected":false},"excerpt":{"rendered":"<p>Personalized Plans: Your Path to a Healthier You with FitZenforLife In a world saturated with generic diet fads and one-size-fits-all fitness routines, it&#8217;s easy to feel lost and overwhelmed. You&#8217;ve probably tried a few things, maybe even seen some initial progress, only to find yourself back where you started. Why? Because true, lasting change isn&#8217;t [&hellip;]<\/p>","protected":false},"author":1,"featured_media":0,"parent":0,"menu_order":0,"comment_status":"closed","ping_status":"closed","template":"","meta":{"site-sidebar-layout":"no-sidebar","site-content-layout":"page-builder","ast-site-content-layout":"default","site-content-style":"default","site-sidebar-style":"default","ast-global-header-display":"","ast-banner-title-visibility":"","ast-main-header-display":"","ast-hfb-above-header-display":"","ast-hfb-below-header-display":"","ast-hfb-mobile-header-display":"","site-post-title":"disabled","ast-breadcrumbs-content":"","ast-featured-img":"disabled","footer-sml-layout":"","ast-disable-related-posts":"","theme-transparent-header-meta":"default","adv-header-id-meta":"","stick-header-meta":"","header-above-stick-meta":"","header-main-stick-meta":"","header-below-stick-meta":"","astra-migrate-meta-layouts":"default","ast-page-background-enabled":"default","ast-page-background-meta":{"desktop":{"background-color":"","background-image":"","background-repeat":"repeat","background-position":"center center","background-size":"auto","background-attachment":"scroll","background-type":"","background-media":"","overlay-type":"","overlay-color":"","overlay-opacity":"","overlay-gradient":""},"tablet":{"background-color":"","background-image":"","background-repeat":"repeat","background-position":"center center","background-size":"auto","background-attachment":"scroll","background-type":"","background-media":"","overlay-type":"","overlay-color":"","overlay-opacity":"","overlay-gradient":""},"mobile":{"background-color":"","background-image":"","background-repeat":"repeat","background-position":"center center","background-size":"auto","background-attachment":"scroll","background-type":"","background-media":"","overlay-type":"","overlay-color":"","overlay-opacity":"","overlay-gradient":""}},"ast-content-background-meta":{"desktop":{"background-color":"var(--ast-global-color-5)","background-image":"","background-repeat":"repeat","background-position":"center center","background-size":"auto","background-attachment":"scroll","background-type":"","background-media":"","overlay-type":"","overlay-color":"","overlay-opacity":"","overlay-gradient":""},"tablet":{"background-color":"var(--ast-global-color-5)","background-image":"","background-repeat":"repeat","background-position":"center center","background-size":"auto","background-attachment":"scroll","background-type":"","background-media":"","overlay-type":"","overlay-color":"","overlay-opacity":"","overlay-gradient":""},"mobile":{"background-color":"var(--ast-global-color-5)","background-image":"","background-repeat":"repeat","background-position":"center center","background-size":"auto","background-attachment":"scroll","background-type":"","background-media":"","overlay-type":"","overlay-color":"","overlay-opacity":"","overlay-gradient":""}},"footnotes":""},"class_list":["post-307","page","type-page","status-publish","hentry"],"_links":{"self":[{"href":"https:\/\/fitzenforlife.com\/fr\/wp-json\/wp\/v2\/pages\/307","targetHints":{"allow":["GET"]}}],"collection":[{"href":"https:\/\/fitzenforlife.com\/fr\/wp-json\/wp\/v2\/pages"}],"about":[{"href":"https:\/\/fitzenforlife.com\/fr\/wp-json\/wp\/v2\/types\/page"}],"author":[{"embeddable":true,"href":"https:\/\/fitzenforlife.com\/fr\/wp-json\/wp\/v2\/users\/1"}],"replies":[{"embeddable":true,"href":"https:\/\/fitzenforlife.com\/fr\/wp-json\/wp\/v2\/comments?post=307"}],"version-history":[{"count":13,"href":"https:\/\/fitzenforlife.com\/fr\/wp-json\/wp\/v2\/pages\/307\/revisions"}],"predecessor-version":[{"id":3286,"href":"https:\/\/fitzenforlife.com\/fr\/wp-json\/wp\/v2\/pages\/307\/revisions\/3286"}],"wp:attachment":[{"href":"https:\/\/fitzenforlife.com\/fr\/wp-json\/wp\/v2\/media?parent=307"}],"curies":[{"name":"wp","href":"https:\/\/api.w.org\/{rel}","templated":true}]}}